{"id":41,"date":"2023-01-20T18:08:31","date_gmt":"2023-01-20T18:08:31","guid":{"rendered":"https:\/\/gretagraziosipsicologa.it\/?page_id=41"},"modified":"2023-01-29T15:19:53","modified_gmt":"2023-01-29T15:19:53","slug":"chi-sono","status":"publish","type":"page","link":"https:\/\/gretagraziosipsicologa.it\/?page_id=41","title":{"rendered":"Chi Sono"},"content":{"rendered":"\t\t<div data-elementor-type=\"wp-page\" data-elementor-id=\"41\" class=\"elementor elementor-41\" data-elementor-post-type=\"page\">\n\t\t\t\t\t\t<section class=\"elementor-section elementor-top-section elementor-element elementor-element-b253036 elementor-section-boxed elementor-section-height-default elementor-section-height-default\" data-id=\"b253036\" data-element_type=\"section\">\n\t\t\t\t\t\t<div class=\"elementor-container elementor-column-gap-default\">\n\t\t\t\t\t<div class=\"elementor-column elementor-col-100 elementor-top-column elementor-element elementor-element-8e26236\" data-id=\"8e26236\" data-element_type=\"column\">\n\t\t\t<div class=\"elementor-widget-wrap elementor-element-populated\">\n\t\t\t\t\t\t<div class=\"elementor-element elementor-element-99d3d1a elementor-widget-divider--view-line elementor-widget elementor-widget-divider\" data-id=\"99d3d1a\" data-element_type=\"widget\" data-widget_type=\"divider.default\">\n\t\t\t\t<div class=\"elementor-widget-container\">\n\t\t\t\t\t\t\t<div class=\"elementor-divider\">\n\t\t\t<span class=\"elementor-divider-separator\">\n\t\t\t\t\t\t<\/span>\n\t\t<\/div>\n\t\t\t\t\t\t<\/div>\n\t\t\t\t<\/div>\n\t\t\t\t\t<\/div>\n\t\t<\/div>\n\t\t\t\t\t<\/div>\n\t\t<\/section>\n\t\t\t\t<section class=\"elementor-section elementor-top-section elementor-element elementor-element-0630b87 elementor-section-boxed elementor-section-height-default elementor-section-height-default\" data-id=\"0630b87\" data-element_type=\"section\">\n\t\t\t\t\t\t<div class=\"elementor-container elementor-column-gap-default\">\n\t\t\t\t\t<div class=\"elementor-column elementor-col-100 elementor-top-column elementor-element elementor-element-8ef5ef3\" data-id=\"8ef5ef3\" data-element_type=\"column\">\n\t\t\t<div class=\"elementor-widget-wrap elementor-element-populated\">\n\t\t\t\t\t\t<div class=\"elementor-element elementor-element-228cbdc elementor-nav-menu__align-justify elementor-nav-menu--dropdown-tablet elementor-nav-menu__text-align-aside elementor-nav-menu--toggle elementor-nav-menu--burger elementor-widget elementor-widget-nav-menu\" data-id=\"228cbdc\" data-element_type=\"widget\" data-settings=\"{&quot;layout&quot;:&quot;horizontal&quot;,&quot;submenu_icon&quot;:{&quot;value&quot;:&quot;&lt;i class=\\&quot;fas fa-caret-down\\&quot;&gt;&lt;\\\/i&gt;&quot;,&quot;library&quot;:&quot;fa-solid&quot;},&quot;toggle&quot;:&quot;burger&quot;}\" data-widget_type=\"nav-menu.default\">\n\t\t\t\t<div class=\"elementor-widget-container\">\n\t\t\t\t\t\t\t\t<nav aria-label=\"Menu\" class=\"elementor-nav-menu--main elementor-nav-menu__container elementor-nav-menu--layout-horizontal e--pointer-underline e--animation-fade\">\n\t\t\t\t<ul id=\"menu-1-228cbdc\" class=\"elementor-nav-menu\"><li class=\"menu-item menu-item-type-post_type menu-item-object-page menu-item-home menu-item-404\"><a href=\"https:\/\/gretagraziosipsicologa.it\/\" class=\"elementor-item\">Home<\/a><\/li>\n<li class=\"menu-item menu-item-type-post_type menu-item-object-page menu-item-403\"><a href=\"https:\/\/gretagraziosipsicologa.it\/?page_id=41\" class=\"elementor-item\">Chi Sono<\/a><\/li>\n<li class=\"menu-item menu-item-type-post_type menu-item-object-page menu-item-402\"><a href=\"https:\/\/gretagraziosipsicologa.it\/?page_id=43\" class=\"elementor-item\">I servizi<\/a><\/li>\n<li class=\"menu-item menu-item-type-post_type menu-item-object-page menu-item-401\"><a href=\"https:\/\/gretagraziosipsicologa.it\/?page_id=45\" class=\"elementor-item\">Mi Occupo Di<\/a><\/li>\n<li class=\"menu-item menu-item-type-post_type menu-item-object-page menu-item-400\"><a href=\"https:\/\/gretagraziosipsicologa.it\/?page_id=48\" class=\"elementor-item\">Contatti<\/a><\/li>\n<\/ul>\t\t\t<\/nav>\n\t\t\t\t\t<div class=\"elementor-menu-toggle\" role=\"button\" tabindex=\"0\" aria-label=\"Menu Toggle\" aria-expanded=\"false\">\n\t\t\t<i aria-hidden=\"true\" role=\"presentation\" class=\"elementor-menu-toggle__icon--open eicon-menu-bar\"><\/i><i aria-hidden=\"true\" role=\"presentation\" class=\"elementor-menu-toggle__icon--close eicon-close\"><\/i>\t\t\t<span class=\"elementor-screen-only\">Menu<\/span>\n\t\t<\/div>\n\t\t\t\t\t<nav class=\"elementor-nav-menu--dropdown elementor-nav-menu__container\" aria-hidden=\"true\">\n\t\t\t\t<ul id=\"menu-2-228cbdc\" class=\"elementor-nav-menu\"><li class=\"menu-item menu-item-type-post_type menu-item-object-page menu-item-home menu-item-404\"><a href=\"https:\/\/gretagraziosipsicologa.it\/\" class=\"elementor-item\" tabindex=\"-1\">Home<\/a><\/li>\n<li class=\"menu-item menu-item-type-post_type menu-item-object-page menu-item-403\"><a href=\"https:\/\/gretagraziosipsicologa.it\/?page_id=41\" class=\"elementor-item\" tabindex=\"-1\">Chi Sono<\/a><\/li>\n<li class=\"menu-item menu-item-type-post_type menu-item-object-page menu-item-402\"><a href=\"https:\/\/gretagraziosipsicologa.it\/?page_id=43\" class=\"elementor-item\" tabindex=\"-1\">I servizi<\/a><\/li>\n<li class=\"menu-item menu-item-type-post_type menu-item-object-page menu-item-401\"><a href=\"https:\/\/gretagraziosipsicologa.it\/?page_id=45\" class=\"elementor-item\" tabindex=\"-1\">Mi Occupo Di<\/a><\/li>\n<li class=\"menu-item menu-item-type-post_type menu-item-object-page menu-item-400\"><a href=\"https:\/\/gretagraziosipsicologa.it\/?page_id=48\" class=\"elementor-item\" tabindex=\"-1\">Contatti<\/a><\/li>\n<\/ul>\t\t\t<\/nav>\n\t\t\t\t\t\t<\/div>\n\t\t\t\t<\/div>\n\t\t\t\t\t<\/div>\n\t\t<\/div>\n\t\t\t\t\t<\/div>\n\t\t<\/section>\n\t\t\t\t<section class=\"elementor-section elementor-top-section elementor-element elementor-element-68265de elementor-section-boxed elementor-section-height-default elementor-section-height-default\" data-id=\"68265de\" data-element_type=\"section\">\n\t\t\t\t\t\t<div class=\"elementor-container elementor-column-gap-default\">\n\t\t\t\t\t<div class=\"elementor-column elementor-col-100 elementor-top-column elementor-element elementor-element-5d36bb1\" data-id=\"5d36bb1\" data-element_type=\"column\">\n\t\t\t<div class=\"elementor-widget-wrap elementor-element-populated\">\n\t\t\t\t\t\t<div class=\"elementor-element elementor-element-88c0d1f elementor-widget-divider--view-line elementor-widget elementor-widget-divider\" data-id=\"88c0d1f\" data-element_type=\"widget\" data-widget_type=\"divider.default\">\n\t\t\t\t<div class=\"elementor-widget-container\">\n\t\t\t\t\t\t\t<div class=\"elementor-divider\">\n\t\t\t<span class=\"elementor-divider-separator\">\n\t\t\t\t\t\t<\/span>\n\t\t<\/div>\n\t\t\t\t\t\t<\/div>\n\t\t\t\t<\/div>\n\t\t\t\t\t<\/div>\n\t\t<\/div>\n\t\t\t\t\t<\/div>\n\t\t<\/section>\n\t\t\t\t<section class=\"elementor-section elementor-top-section elementor-element elementor-element-74299fd elementor-section-boxed elementor-section-height-default elementor-section-height-default\" data-id=\"74299fd\" data-element_type=\"section\">\n\t\t\t\t\t\t<div class=\"elementor-container elementor-column-gap-default\">\n\t\t\t\t\t<div class=\"elementor-column elementor-col-100 elementor-top-column elementor-element elementor-element-085aef4\" data-id=\"085aef4\" data-element_type=\"column\">\n\t\t\t<div class=\"elementor-widget-wrap elementor-element-populated\">\n\t\t\t\t\t\t<div class=\"elementor-element elementor-element-8300d5c elementor-widget elementor-widget-image\" data-id=\"8300d5c\" data-element_type=\"widget\" data-widget_type=\"image.default\">\n\t\t\t\t<div class=\"elementor-widget-container\">\n\t\t\t\t\t\t\t\t\t\t\t\t\t\t\t<img fetchpriority=\"high\" decoding=\"async\" width=\"800\" height=\"1000\" src=\"https:\/\/gretagraziosipsicologa.it\/wp-content\/uploads\/2023\/01\/A88B7D11-323C-4016-8855-32DFFA002BFB.jpeg\" class=\"attachment-large size-large wp-image-155\" alt=\"\" srcset=\"https:\/\/gretagraziosipsicologa.it\/wp-content\/uploads\/2023\/01\/A88B7D11-323C-4016-8855-32DFFA002BFB.jpeg 819w, https:\/\/gretagraziosipsicologa.it\/wp-content\/uploads\/2023\/01\/A88B7D11-323C-4016-8855-32DFFA002BFB-240x300.jpeg 240w, https:\/\/gretagraziosipsicologa.it\/wp-content\/uploads\/2023\/01\/A88B7D11-323C-4016-8855-32DFFA002BFB-768x960.jpeg 768w\" sizes=\"(max-width: 800px) 100vw, 800px\" \/>\t\t\t\t\t\t\t\t\t\t\t\t\t\t\t<\/div>\n\t\t\t\t<\/div>\n\t\t\t\t<div class=\"elementor-element elementor-element-dae473f elementor-invisible elementor-widget elementor-widget-text-editor\" data-id=\"dae473f\" data-element_type=\"widget\" data-settings=\"{&quot;_animation&quot;:&quot;fadeInUp&quot;,&quot;_animation_delay&quot;:&quot;400&quot;}\" data-widget_type=\"text-editor.default\">\n\t\t\t\t<div class=\"elementor-widget-container\">\n\t\t\t\t\t\t\t\t\t<p>Mi presento, sono Greta Graziosi, psicologa clinica e psicoterapeuta in formazione ad orientamento cognitivo-comportamentale.<\/p>\n<p>Dopo aver concluso il percorso di studi presso il dipartimento di Educazione e Scienze Umane ed un Master di I\u00b0 livello &#8220;Autismo e Disturbi dello Sviluppo&#8221; presso l&#8217;Universit\u00e0 di Reggio Emilia, ho compreso che ci\u00f2 che pi\u00f9 mi appassionava era la psicologia. Con questa consapevolezza ho intrapreso un nuovo percorso ed ho conseguito la laurea magistrale in Psicologia Clinica e della Riabilitazione a Roma.<\/p>\n<p>Terminato il tirocinio professionalizzante e l&#8217;abilitazione, mi sono iscritta alla sezione A dell&#8217;Albo degli Psicologi della Regione Emilia Romagna (n\u00b010148).<\/p>\n<p>Attualmente mi sto specializzando nella Scuola di Psicoterapia dello Sviluppo e Adolescenza (AcaBS) di Reggio Emilia ad orientamento Cognitivo-Comportamentale.<\/p>\n<p>Per diversi anni ho lavorato come educatrice e docente presso le scuole della provincia di Modena di ogni ordine e grado.<\/p>\n<p>Ho svolto il tirocinio post laurea nel centro SOS Dislessia di Modena, con a capo il professor Giacomo Stella, affiancando l&#8217;equipe nella diagnosi e nel trattamento dei Disturbi Specifici dell&#8217;Apprendimento. Questa esperienza mi ha portata ad interessarmi in modo particolare ai disturbi del neurosviluppo, per questo ho successivamente svolto l&#8217;attivit\u00e0 di tirocinio presso il Servizio di Neuropsichiatria Infantile dell&#8217;Ausl di Vignola.<\/p>\n<p>In seguito ad un&#8217;esperienza personale vissuta, mi sono avvicinata all&#8217;ambito dei Disturbi Cognitivi e Demenze, dove sto svolgendo il tirocinio presso l&#8217;Ausl di Modena, in particolare fornendo sostegno psicologico ai caregiver.<\/p>\n<p>Nel corso della mia esperienza formativa e lavorativa in ambito clinico, educativo e dell&#8217;istruzioneho compreso che ogni persona, a prescindere dal fatto che si tratti di un bambino, adolescente o adulto, possa riuscire a scoprire e utilizzare le risorse necessarie ad affrontare le difficolt\u00e0, le paure e le incertezze che si incontrano nella vita quotidiana.<\/p>\n<p>Quando si decide di intraprendere un percorso di supporto psicologico, serve sapere che ci vorranno consapevolezza, costanza, onest\u00e0, coraggio, determinazione e partecipazione attiva, affinch\u00e9 si possano apportare cambiamenti nella propria vita. Tutto questo lo faremo insieme, con il mio costante supporto, al fine di scoprire come molti dei nostri problemi siano influenzati da ci\u00f2 che facciamo e ci\u00f2 che pensiamo nel presente, nel qui ed ora.<\/p>\t\t\t\t\t\t\t\t<\/div>\n\t\t\t\t<\/div>\n\t\t\t\t\t<\/div>\n\t\t<\/div>\n\t\t\t\t\t<\/div>\n\t\t<\/section>\n\t\t\t\t<\/div>\n\t\t","protected":false},"excerpt":{"rendered":"<p>Mi presento, sono Greta Graziosi, psicologa clinica e psicoterapeuta in formazione ad orientamento cognitivo-comportamentale. Dopo aver concluso il percorso di studi presso il dipartimento di Educazione e Scienze Umane ed un Master di I\u00b0 livello &#8220;Autismo e Disturbi dello Sviluppo&#8221; presso l&#8217;Universit\u00e0 di Reggio Emilia, ho compreso che ci\u00f2 che pi\u00f9 mi appassionava era la [&hellip;]<\/p>\n","protected":false},"author":1,"featured_media":0,"parent":0,"menu_order":0,"comment_status":"closed","ping_status":"closed","template":"","meta":{"footnotes":""},"class_list":["post-41","page","type-page","status-publish","hentry"],"yoast_head":"<!-- This site is optimized with the Yoast SEO plugin v24.2 - https:\/\/yoast.com\/wordpress\/plugins\/seo\/ -->\n<title>Chi Sono - Greta Graziosi - Psicologa Clinica a Vignola<\/title>\n<meta name=\"robots\" content=\"index, follow, max-snippet:-1, max-image-preview:large, max-video-preview:-1\" \/>\n<link rel=\"canonical\" href=\"https:\/\/gretagraziosipsicologa.it\/?page_id=41\" \/>\n<meta property=\"og:locale\" content=\"en_US\" \/>\n<meta property=\"og:type\" content=\"article\" \/>\n<meta property=\"og:title\" content=\"Chi Sono - Greta Graziosi - Psicologa Clinica a Vignola\" \/>\n<meta property=\"og:description\" content=\"Mi presento, sono Greta Graziosi, psicologa clinica e psicoterapeuta in formazione ad orientamento cognitivo-comportamentale. Dopo aver concluso il percorso di studi presso il dipartimento di Educazione e Scienze Umane ed un Master di I\u00b0 livello &#8220;Autismo e Disturbi dello Sviluppo&#8221; presso l&#8217;Universit\u00e0 di Reggio Emilia, ho compreso che ci\u00f2 che pi\u00f9 mi appassionava era la [&hellip;]\" \/>\n<meta property=\"og:url\" content=\"https:\/\/gretagraziosipsicologa.it\/?page_id=41\" \/>\n<meta property=\"og:site_name\" content=\"Greta Graziosi - Psicologa Clinica a Vignola\" \/>\n<meta property=\"article:publisher\" content=\"https:\/\/www.facebook.com\/profile.php?id=100089260213972\" \/>\n<meta property=\"article:modified_time\" content=\"2023-01-29T15:19:53+00:00\" \/>\n<meta property=\"og:image\" content=\"https:\/\/gretagraziosipsicologa.it\/wp-content\/uploads\/2023\/01\/A88B7D11-323C-4016-8855-32DFFA002BFB.jpeg\" \/>\n<meta name=\"twitter:card\" content=\"summary_large_image\" \/>\n<meta name=\"twitter:label1\" content=\"Est. reading time\" \/>\n\t<meta name=\"twitter:data1\" content=\"2 minutes\" \/>\n<script type=\"application\/ld+json\" class=\"yoast-schema-graph\">{\"@context\":\"https:\/\/schema.org\",\"@graph\":[{\"@type\":\"WebPage\",\"@id\":\"https:\/\/gretagraziosipsicologa.it\/?page_id=41\",\"url\":\"https:\/\/gretagraziosipsicologa.it\/?page_id=41\",\"name\":\"Chi Sono - Greta Graziosi - Psicologa Clinica a Vignola\",\"isPartOf\":{\"@id\":\"https:\/\/gretagraziosipsicologa.it\/#website\"},\"primaryImageOfPage\":{\"@id\":\"https:\/\/gretagraziosipsicologa.it\/?page_id=41#primaryimage\"},\"image\":{\"@id\":\"https:\/\/gretagraziosipsicologa.it\/?page_id=41#primaryimage\"},\"thumbnailUrl\":\"https:\/\/gretagraziosipsicologa.it\/wp-content\/uploads\/2023\/01\/A88B7D11-323C-4016-8855-32DFFA002BFB.jpeg\",\"datePublished\":\"2023-01-20T18:08:31+00:00\",\"dateModified\":\"2023-01-29T15:19:53+00:00\",\"breadcrumb\":{\"@id\":\"https:\/\/gretagraziosipsicologa.it\/?page_id=41#breadcrumb\"},\"inLanguage\":\"en-US\",\"potentialAction\":[{\"@type\":\"ReadAction\",\"target\":[\"https:\/\/gretagraziosipsicologa.it\/?page_id=41\"]}]},{\"@type\":\"ImageObject\",\"inLanguage\":\"en-US\",\"@id\":\"https:\/\/gretagraziosipsicologa.it\/?page_id=41#primaryimage\",\"url\":\"https:\/\/gretagraziosipsicologa.it\/wp-content\/uploads\/2023\/01\/A88B7D11-323C-4016-8855-32DFFA002BFB.jpeg\",\"contentUrl\":\"https:\/\/gretagraziosipsicologa.it\/wp-content\/uploads\/2023\/01\/A88B7D11-323C-4016-8855-32DFFA002BFB.jpeg\",\"width\":819,\"height\":1024},{\"@type\":\"BreadcrumbList\",\"@id\":\"https:\/\/gretagraziosipsicologa.it\/?page_id=41#breadcrumb\",\"itemListElement\":[{\"@type\":\"ListItem\",\"position\":1,\"name\":\"Home\",\"item\":\"https:\/\/gretagraziosipsicologa.it\/\"},{\"@type\":\"ListItem\",\"position\":2,\"name\":\"Chi Sono\"}]},{\"@type\":\"WebSite\",\"@id\":\"https:\/\/gretagraziosipsicologa.it\/#website\",\"url\":\"https:\/\/gretagraziosipsicologa.it\/\",\"name\":\"Greta Graziosi - Psicologa Clinica a Vignola\",\"description\":\"\",\"publisher\":{\"@id\":\"https:\/\/gretagraziosipsicologa.it\/#organization\"},\"potentialAction\":[{\"@type\":\"SearchAction\",\"target\":{\"@type\":\"EntryPoint\",\"urlTemplate\":\"https:\/\/gretagraziosipsicologa.it\/?s={search_term_string}\"},\"query-input\":{\"@type\":\"PropertyValueSpecification\",\"valueRequired\":true,\"valueName\":\"search_term_string\"}}],\"inLanguage\":\"en-US\"},{\"@type\":\"Organization\",\"@id\":\"https:\/\/gretagraziosipsicologa.it\/#organization\",\"name\":\"Greta Graziosi - Psicologa Clinica a Vignola\",\"url\":\"https:\/\/gretagraziosipsicologa.it\/\",\"logo\":{\"@type\":\"ImageObject\",\"inLanguage\":\"en-US\",\"@id\":\"https:\/\/gretagraziosipsicologa.it\/#\/schema\/logo\/image\/\",\"url\":\"https:\/\/gretagraziosipsicologa.it\/wp-content\/uploads\/2023\/01\/Logo-1.png\",\"contentUrl\":\"https:\/\/gretagraziosipsicologa.it\/wp-content\/uploads\/2023\/01\/Logo-1.png\",\"width\":1063,\"height\":709,\"caption\":\"Greta Graziosi - Psicologa Clinica a Vignola\"},\"image\":{\"@id\":\"https:\/\/gretagraziosipsicologa.it\/#\/schema\/logo\/image\/\"},\"sameAs\":[\"https:\/\/www.facebook.com\/profile.php?id=100089260213972\",\"https:\/\/instagram.com\/gretagraziosi_psicologa?igshid=YmMyMTA2M2Y=\"]}]}<\/script>\n<!-- \/ Yoast SEO plugin. -->","yoast_head_json":{"title":"Chi Sono - Greta Graziosi - Psicologa Clinica a Vignola","robots":{"index":"index","follow":"follow","max-snippet":"max-snippet:-1","max-image-preview":"max-image-preview:large","max-video-preview":"max-video-preview:-1"},"canonical":"https:\/\/gretagraziosipsicologa.it\/?page_id=41","og_locale":"en_US","og_type":"article","og_title":"Chi Sono - Greta Graziosi - Psicologa Clinica a Vignola","og_description":"Mi presento, sono Greta Graziosi, psicologa clinica e psicoterapeuta in formazione ad orientamento cognitivo-comportamentale. Dopo aver concluso il percorso di studi presso il dipartimento di Educazione e Scienze Umane ed un Master di I\u00b0 livello &#8220;Autismo e Disturbi dello Sviluppo&#8221; presso l&#8217;Universit\u00e0 di Reggio Emilia, ho compreso che ci\u00f2 che pi\u00f9 mi appassionava era la [&hellip;]","og_url":"https:\/\/gretagraziosipsicologa.it\/?page_id=41","og_site_name":"Greta Graziosi - Psicologa Clinica a Vignola","article_publisher":"https:\/\/www.facebook.com\/profile.php?id=100089260213972","article_modified_time":"2023-01-29T15:19:53+00:00","og_image":[{"url":"https:\/\/gretagraziosipsicologa.it\/wp-content\/uploads\/2023\/01\/A88B7D11-323C-4016-8855-32DFFA002BFB.jpeg","type":"","width":"","height":""}],"twitter_card":"summary_large_image","twitter_misc":{"Est. reading time":"2 minutes"},"schema":{"@context":"https:\/\/schema.org","@graph":[{"@type":"WebPage","@id":"https:\/\/gretagraziosipsicologa.it\/?page_id=41","url":"https:\/\/gretagraziosipsicologa.it\/?page_id=41","name":"Chi Sono - Greta Graziosi - Psicologa Clinica a Vignola","isPartOf":{"@id":"https:\/\/gretagraziosipsicologa.it\/#website"},"primaryImageOfPage":{"@id":"https:\/\/gretagraziosipsicologa.it\/?page_id=41#primaryimage"},"image":{"@id":"https:\/\/gretagraziosipsicologa.it\/?page_id=41#primaryimage"},"thumbnailUrl":"https:\/\/gretagraziosipsicologa.it\/wp-content\/uploads\/2023\/01\/A88B7D11-323C-4016-8855-32DFFA002BFB.jpeg","datePublished":"2023-01-20T18:08:31+00:00","dateModified":"2023-01-29T15:19:53+00:00","breadcrumb":{"@id":"https:\/\/gretagraziosipsicologa.it\/?page_id=41#breadcrumb"},"inLanguage":"en-US","potentialAction":[{"@type":"ReadAction","target":["https:\/\/gretagraziosipsicologa.it\/?page_id=41"]}]},{"@type":"ImageObject","inLanguage":"en-US","@id":"https:\/\/gretagraziosipsicologa.it\/?page_id=41#primaryimage","url":"https:\/\/gretagraziosipsicologa.it\/wp-content\/uploads\/2023\/01\/A88B7D11-323C-4016-8855-32DFFA002BFB.jpeg","contentUrl":"https:\/\/gretagraziosipsicologa.it\/wp-content\/uploads\/2023\/01\/A88B7D11-323C-4016-8855-32DFFA002BFB.jpeg","width":819,"height":1024},{"@type":"BreadcrumbList","@id":"https:\/\/gretagraziosipsicologa.it\/?page_id=41#breadcrumb","itemListElement":[{"@type":"ListItem","position":1,"name":"Home","item":"https:\/\/gretagraziosipsicologa.it\/"},{"@type":"ListItem","position":2,"name":"Chi Sono"}]},{"@type":"WebSite","@id":"https:\/\/gretagraziosipsicologa.it\/#website","url":"https:\/\/gretagraziosipsicologa.it\/","name":"Greta Graziosi - Psicologa Clinica a Vignola","description":"","publisher":{"@id":"https:\/\/gretagraziosipsicologa.it\/#organization"},"potentialAction":[{"@type":"SearchAction","target":{"@type":"EntryPoint","urlTemplate":"https:\/\/gretagraziosipsicologa.it\/?s={search_term_string}"},"query-input":{"@type":"PropertyValueSpecification","valueRequired":true,"valueName":"search_term_string"}}],"inLanguage":"en-US"},{"@type":"Organization","@id":"https:\/\/gretagraziosipsicologa.it\/#organization","name":"Greta Graziosi - Psicologa Clinica a Vignola","url":"https:\/\/gretagraziosipsicologa.it\/","logo":{"@type":"ImageObject","inLanguage":"en-US","@id":"https:\/\/gretagraziosipsicologa.it\/#\/schema\/logo\/image\/","url":"https:\/\/gretagraziosipsicologa.it\/wp-content\/uploads\/2023\/01\/Logo-1.png","contentUrl":"https:\/\/gretagraziosipsicologa.it\/wp-content\/uploads\/2023\/01\/Logo-1.png","width":1063,"height":709,"caption":"Greta Graziosi - Psicologa Clinica a Vignola"},"image":{"@id":"https:\/\/gretagraziosipsicologa.it\/#\/schema\/logo\/image\/"},"sameAs":["https:\/\/www.facebook.com\/profile.php?id=100089260213972","https:\/\/instagram.com\/gretagraziosi_psicologa?igshid=YmMyMTA2M2Y="]}]}},"_links":{"self":[{"href":"https:\/\/gretagraziosipsicologa.it\/index.php?rest_route=\/wp\/v2\/pages\/41","targetHints":{"allow":["GET"]}}],"collection":[{"href":"https:\/\/gretagraziosipsicologa.it\/index.php?rest_route=\/wp\/v2\/pages"}],"about":[{"href":"https:\/\/gretagraziosipsicologa.it\/index.php?rest_route=\/wp\/v2\/types\/page"}],"author":[{"embeddable":true,"href":"https:\/\/gretagraziosipsicologa.it\/index.php?rest_route=\/wp\/v2\/users\/1"}],"replies":[{"embeddable":true,"href":"https:\/\/gretagraziosipsicologa.it\/index.php?rest_route=%2Fwp%2Fv2%2Fcomments&post=41"}],"version-history":[{"count":23,"href":"https:\/\/gretagraziosipsicologa.it\/index.php?rest_route=\/wp\/v2\/pages\/41\/revisions"}],"predecessor-version":[{"id":425,"href":"https:\/\/gretagraziosipsicologa.it\/index.php?rest_route=\/wp\/v2\/pages\/41\/revisions\/425"}],"wp:attachment":[{"href":"https:\/\/gretagraziosipsicologa.it\/index.php?rest_route=%2Fwp%2Fv2%2Fmedia&parent=41"}],"curies":[{"name":"wp","href":"https:\/\/api.w.org\/{rel}","templated":true}]}}